{"id":17681,"date":"2025-02-14T15:28:34","date_gmt":"2025-02-14T15:28:34","guid":{"rendered":"https:\/\/logistics.ihu.gr\/?page_id=17681"},"modified":"2025-02-14T16:04:19","modified_gmt":"2025-02-14T16:04:19","slug":"fledge","status":"publish","type":"page","link":"https:\/\/logistics.ihu.gr\/en\/fledge\/","title":{"rendered":"FLEDGE"},"content":{"rendered":"<div data-elementor-type=\"wp-page\" data-elementor-id=\"17681\" class=\"elementor elementor-17681\" data-elementor-post-type=\"page\">\n\t\t\t\t<div class=\"elementor-element elementor-element-5a28174 e-con-full e-flex e-con e-parent\" data-id=\"5a28174\" data-element_type=\"container\" data-e-type=\"container\">\n\t\t\t\t<div class=\"elementor-element elementor-element-dbafe08 elementor-widget__width-initial elementor-widget elementor-widget-image\" data-id=\"dbafe08\" data-element_type=\"widget\" data-e-type=\"widget\" data-widget_type=\"image.default\">\n\t\t\t\t<div class=\"elementor-widget-container\">\n\t\t\t\t\t\t\t\t\t\t\t\t\t\t\t<img fetchpriority=\"high\" decoding=\"async\" width=\"343\" height=\"148\" src=\"https:\/\/logistics.ihu.gr\/wp-content\/uploads\/2025\/02\/Picture5.png\" class=\"attachment-full size-full wp-image-17685\" alt=\"\" srcset=\"https:\/\/logistics.ihu.gr\/wp-content\/uploads\/2025\/02\/Picture5.png 343w, https:\/\/logistics.ihu.gr\/wp-content\/uploads\/2025\/02\/Picture5-300x129.png 300w, https:\/\/logistics.ihu.gr\/wp-content\/uploads\/2025\/02\/Picture5-18x8.png 18w\" sizes=\"(max-width: 343px) 100vw, 343px\" \/>\t\t\t\t\t\t\t\t\t\t\t\t\t\t\t<\/div>\n\t\t\t\t<\/div>\n\t\t\t\t<\/div>\n\t\t<div class=\"elementor-element elementor-element-48dc9ed e-con-full e-flex e-con e-parent\" data-id=\"48dc9ed\" data-element_type=\"container\" data-e-type=\"container\">\n\t\t<div class=\"elementor-element elementor-element-62fea9d e-con-full e-flex e-con e-child\" data-id=\"62fea9d\" data-element_type=\"container\" data-e-type=\"container\" data-settings=\"{&quot;background_background&quot;:&quot;classic&quot;}\">\n\t\t\t\t<div class=\"elementor-element elementor-element-61deaa3 elementor-widget elementor-widget-text-editor\" data-id=\"61deaa3\" data-element_type=\"widget\" data-e-type=\"widget\" data-widget_type=\"text-editor.default\">\n\t\t\t\t<div class=\"elementor-widget-container\">\n\t\t\t\t\t\t\t\t\t<p>A novel hierarchical edge-based flexibility management ecosystem at both building and city level<\/p>\t\t\t\t\t\t\t\t<\/div>\n\t\t\t\t<\/div>\n\t\t\t\t<div class=\"elementor-element elementor-element-e4f40d8 elementor-widget elementor-widget-text-editor\" data-id=\"e4f40d8\" data-element_type=\"widget\" data-e-type=\"widget\" data-widget_type=\"text-editor.default\">\n\t\t\t\t<div class=\"elementor-widget-container\">\n\t\t\t\t\t\t\t\t\t<p>\u0394\u0399\u0391\u03a1\u039a\u0395\u0399\u0391 01.2024 \u2013 12.2026<\/p>\t\t\t\t\t\t\t\t<\/div>\n\t\t\t\t<\/div>\n\t\t\t\t<div class=\"elementor-element elementor-element-1562043 elementor-widget elementor-widget-text-editor\" data-id=\"1562043\" data-element_type=\"widget\" data-e-type=\"widget\" data-widget_type=\"text-editor.default\">\n\t\t\t\t<div class=\"elementor-widget-container\">\n\t\t\t\t\t\t\t\t\t<p>FLEdge aims to develop a hierarchical flexibility energy management system based on a distributed and decentralized architecture with a novel core element - the Edge-Energy Management (EEM) device. In EEM, energy flexibility will be managed in an automatic, optimal and decentralized manner with the ultimate goal to transform buildings, neighbourhoods, districts and cities to PED. FLEdge will be based on the EEM device, which will process locally all heterogeneous information gathered from the buildings, towards energy sources (RES, storage, load) optimization. Furthermore, EEM will be equipped with an intelligent Decision Support System (DSS) which will optimize the management of the building in an automatic manner (e.g., load shifting, dimming, pre-heating, pre-cooling, etc.). FLEdge has a human-centric approach, since the ultimate goal of all operations (i.e., energy sources and building operation optimization engines) will be the well-being and comfort of residents. Furthermore, FLEdge EEM will be capable of performing Demand\/Response (D\/R) commands from the Energy Management Node (EMaN) at upper level. FLEdge will be equipped with the appropriate EMaN nodes installed at neighbourhood, district and city level to improve their performance as well, towards smart and green cities.<\/p>\t\t\t\t\t\t\t\t<\/div>\n\t\t\t\t<\/div>\n\t\t\t\t<div class=\"elementor-element elementor-element-c00455b elementor-widget-divider--view-line elementor-widget elementor-widget-divider\" data-id=\"c00455b\" data-element_type=\"widget\" data-e-type=\"widget\" data-widget_type=\"divider.default\">\n\t\t\t\t<div class=\"elementor-widget-container\">\n\t\t\t\t\t\t\t<div class=\"elementor-divider\">\n\t\t\t<span class=\"elementor-divider-separator\">\n\t\t\t\t\t\t<\/span>\n\t\t<\/div>\n\t\t\t\t\t\t<\/div>\n\t\t\t\t<\/div>\n\t\t\t\t<div class=\"elementor-element elementor-element-fee01f7 elementor-widget elementor-widget-text-editor\" data-id=\"fee01f7\" data-element_type=\"widget\" data-e-type=\"widget\" data-widget_type=\"text-editor.default\">\n\t\t\t\t<div class=\"elementor-widget-container\">\n\t\t\t\t\t\t\t\t\t<p>PARTNERS<\/p>\t\t\t\t\t\t\t\t<\/div>\n\t\t\t\t<\/div>\n\t\t\t\t<div class=\"elementor-element elementor-element-279b2ea elementor-widget elementor-widget-text-editor\" data-id=\"279b2ea\" data-element_type=\"widget\" data-e-type=\"widget\" data-widget_type=\"text-editor.default\">\n\t\t\t\t<div class=\"elementor-widget-container\">\n\t\t\t\t\t\t\t\t\t<p>\u0395\u03a4\u0391\u0399\u03a1\u039f\u0399 INTERNATIONAL HELLENIC UNIVERSITY (GR)<br \/>SOFIA UNIVERSITY, GATEINSTITUTE (BULG)<br \/>TALLINN UNIVERSITY OF TECHNOLOGY (EST)<br \/>RESPACE AB (EST)<br \/>KINNON LEGAL SERVICES S.R.L. (ROM)<br \/>STOLICHNA OBSHTINA (BULG)<br \/>ELERING AS (EST)<br \/>S\u00c4TT F\u00c4RG P\u00c5 G\u00d6TEBORG EKONOMISK F\u00d6RENING (SE)<br \/>CHALMERS TEKNISKA HOGSKOLA AB (SE)<br \/>ENERGOMONITOR BULGARIA LTD (BULG)<br \/>THERMO-LOGIC AB (SE)<\/p>\t\t\t\t\t\t\t\t<\/div>\n\t\t\t\t<\/div>\n\t\t\t\t<div class=\"elementor-element elementor-element-c65a9bd elementor-align-left elementor-widget elementor-widget-button\" data-id=\"c65a9bd\" data-element_type=\"widget\" data-e-type=\"widget\" data-widget_type=\"button.default\">\n\t\t\t\t<div class=\"elementor-widget-container\">\n\t\t\t\t\t\t\t\t\t<div class=\"elementor-button-wrapper\">\n\t\t\t\t\t<a class=\"elementor-button elementor-button-link elementor-size-sm\" href=\"https:\/\/fledge.ihu.gr\/\" target=\"_blank\">\n\t\t\t\t\t\t<span class=\"elementor-button-content-wrapper\">\n\t\t\t\t\t\t\t\t\t<span class=\"elementor-button-text\">WEBSITE<\/span>\n\t\t\t\t\t<\/span>\n\t\t\t\t\t<\/a>\n\t\t\t\t<\/div>\n\t\t\t\t\t\t\t\t<\/div>\n\t\t\t\t<\/div>\n\t\t\t\t<div class=\"elementor-element elementor-element-a6960db elementor-widget elementor-widget-text-editor\" data-id=\"a6960db\" data-element_type=\"widget\" data-e-type=\"widget\" data-widget_type=\"text-editor.default\">\n\t\t\t\t<div class=\"elementor-widget-container\">\n\t\t\t\t\t\t\t\t\t<p>DUT- Driving Urban Transitions to a sustainable future (EU Co-financing)<\/p>\t\t\t\t\t\t\t\t<\/div>\n\t\t\t\t<\/div>\n\t\t\t\t<div class=\"elementor-element elementor-element-02159e4 elementor-widget__width-initial elementor-widget elementor-widget-image\" data-id=\"02159e4\" data-element_type=\"widget\" data-e-type=\"widget\" data-widget_type=\"image.default\">\n\t\t\t\t<div class=\"elementor-widget-container\">\n\t\t\t\t\t\t\t\t\t\t\t\t\t\t\t<img decoding=\"async\" width=\"500\" height=\"149\" src=\"https:\/\/logistics.ihu.gr\/wp-content\/uploads\/2025\/02\/dut.png\" class=\"attachment-large size-large wp-image-17684\" alt=\"\" srcset=\"https:\/\/logistics.ihu.gr\/wp-content\/uploads\/2025\/02\/dut.png 500w, https:\/\/logistics.ihu.gr\/wp-content\/uploads\/2025\/02\/dut-300x89.png 300w, https:\/\/logistics.ihu.gr\/wp-content\/uploads\/2025\/02\/dut-18x5.png 18w\" sizes=\"(max-width: 500px) 100vw, 500px\" \/>\t\t\t\t\t\t\t\t\t\t\t\t\t\t\t<\/div>\n\t\t\t\t<\/div>\n\t\t\t\t<\/div>\n\t\t\t\t<\/div>\n\t\t\t\t<\/div>","protected":false},"excerpt":{"rendered":"<p>A novel hierarchical edge-based flexibility management ecosystem at both building and city level \u0394\u0399\u0391\u03a1\u039a\u0395\u0399\u0391 01.2024 &hellip; <\/p>","protected":false},"author":27,"featured_media":17717,"parent":0,"menu_order":0,"comment_status":"closed","ping_status":"closed","template":"","meta":{"_acf_changed":false,"footnotes":""},"class_list":["post-17681","page","type-page","status-publish","has-post-thumbnail","hentry"],"acf":[],"_links":{"self":[{"href":"https:\/\/logistics.ihu.gr\/en\/wp-json\/wp\/v2\/pages\/17681","targetHints":{"allow":["GET"]}}],"collection":[{"href":"https:\/\/logistics.ihu.gr\/en\/wp-json\/wp\/v2\/pages"}],"about":[{"href":"https:\/\/logistics.ihu.gr\/en\/wp-json\/wp\/v2\/types\/page"}],"author":[{"embeddable":true,"href":"https:\/\/logistics.ihu.gr\/en\/wp-json\/wp\/v2\/users\/27"}],"replies":[{"embeddable":true,"href":"https:\/\/logistics.ihu.gr\/en\/wp-json\/wp\/v2\/comments?post=17681"}],"version-history":[{"count":0,"href":"https:\/\/logistics.ihu.gr\/en\/wp-json\/wp\/v2\/pages\/17681\/revisions"}],"wp:featuredmedia":[{"embeddable":true,"href":"https:\/\/logistics.ihu.gr\/en\/wp-json\/wp\/v2\/media\/17717"}],"wp:attachment":[{"href":"https:\/\/logistics.ihu.gr\/en\/wp-json\/wp\/v2\/media?parent=17681"}],"curies":[{"name":"wp","href":"https:\/\/api.w.org\/{rel}","templated":true}]}}