{"id":17665,"date":"2025-02-14T15:15:21","date_gmt":"2025-02-14T15:15:21","guid":{"rendered":"https:\/\/logistics.ihu.gr\/?page_id=17665"},"modified":"2025-02-14T16:09:05","modified_gmt":"2025-02-14T16:09:05","slug":"deco","status":"publish","type":"page","link":"https:\/\/logistics.ihu.gr\/en\/deco\/","title":{"rendered":"DeCo"},"content":{"rendered":"<div data-elementor-type=\"wp-page\" data-elementor-id=\"17665\" class=\"elementor elementor-17665\" data-elementor-post-type=\"page\">\n\t\t\t\t<div class=\"elementor-element elementor-element-5a28174 e-con-full e-flex e-con e-parent\" data-id=\"5a28174\" data-element_type=\"container\" data-e-type=\"container\">\n\t\t\t\t<div class=\"elementor-element elementor-element-dbafe08 elementor-widget__width-initial elementor-widget elementor-widget-image\" data-id=\"dbafe08\" data-element_type=\"widget\" data-e-type=\"widget\" data-widget_type=\"image.default\">\n\t\t\t\t<div class=\"elementor-widget-container\">\n\t\t\t\t\t\t\t\t\t\t\t\t\t\t\t<img decoding=\"async\" width=\"295\" height=\"106\" src=\"https:\/\/logistics.ihu.gr\/wp-content\/uploads\/2025\/02\/Picture1.jpg\" class=\"attachment-full size-full wp-image-17669\" alt=\"\" srcset=\"https:\/\/logistics.ihu.gr\/wp-content\/uploads\/2025\/02\/Picture1.jpg 295w, https:\/\/logistics.ihu.gr\/wp-content\/uploads\/2025\/02\/Picture1-18x6.jpg 18w\" sizes=\"(max-width: 295px) 100vw, 295px\" \/>\t\t\t\t\t\t\t\t\t\t\t\t\t\t\t<\/div>\n\t\t\t\t<\/div>\n\t\t\t\t<\/div>\n\t\t<div class=\"elementor-element elementor-element-48dc9ed e-con-full e-flex e-con e-parent\" data-id=\"48dc9ed\" data-element_type=\"container\" data-e-type=\"container\">\n\t\t<div class=\"elementor-element elementor-element-62fea9d e-con-full e-flex e-con e-child\" data-id=\"62fea9d\" data-element_type=\"container\" data-e-type=\"container\" data-settings=\"{&quot;background_background&quot;:&quot;classic&quot;}\">\n\t\t\t\t<div class=\"elementor-element elementor-element-61deaa3 elementor-widget elementor-widget-text-editor\" data-id=\"61deaa3\" data-element_type=\"widget\" data-e-type=\"widget\" data-widget_type=\"text-editor.default\">\n\t\t\t\t<div class=\"elementor-widget-container\">\n\t\t\t\t\t\t\t\t\t<p>Design Collaboration for Sustainable Business<\/p>\t\t\t\t\t\t\t\t<\/div>\n\t\t\t\t<\/div>\n\t\t\t\t<div class=\"elementor-element elementor-element-e4f40d8 elementor-widget elementor-widget-text-editor\" data-id=\"e4f40d8\" data-element_type=\"widget\" data-e-type=\"widget\" data-widget_type=\"text-editor.default\">\n\t\t\t\t<div class=\"elementor-widget-container\">\n\t\t\t\t\t\t\t\t\t<p>04.2024 \u2013 12.2028<\/p>\t\t\t\t\t\t\t\t<\/div>\n\t\t\t\t<\/div>\n\t\t\t\t<div class=\"elementor-element elementor-element-1562043 elementor-widget elementor-widget-text-editor\" data-id=\"1562043\" data-element_type=\"widget\" data-e-type=\"widget\" data-widget_type=\"text-editor.default\">\n\t\t\t\t<div class=\"elementor-widget-container\">\n\t\t\t\t\t\t\t\t\t<p>The objective of the DeCo project is to improve local, regional and national development policies through exchange of experience, innovative approaches and capacity building in sustainable and circular design, production and manufacturing. During the project, a Local Stakeholders Group will be established in the Region of Central Macedonia in order to support and promote sustainable production and consumption. Moreover, field trips will be organized and best practices across Europe and internationally, will be identified and documented, while also the present status regionally will be analyzed, so as to support relevant policy making.<\/p>\t\t\t\t\t\t\t\t<\/div>\n\t\t\t\t<\/div>\n\t\t\t\t<div class=\"elementor-element elementor-element-c00455b elementor-widget-divider--view-line elementor-widget elementor-widget-divider\" data-id=\"c00455b\" data-element_type=\"widget\" data-e-type=\"widget\" data-widget_type=\"divider.default\">\n\t\t\t\t<div class=\"elementor-widget-container\">\n\t\t\t\t\t\t\t<div class=\"elementor-divider\">\n\t\t\t<span class=\"elementor-divider-separator\">\n\t\t\t\t\t\t<\/span>\n\t\t<\/div>\n\t\t\t\t\t\t<\/div>\n\t\t\t\t<\/div>\n\t\t\t\t<div class=\"elementor-element elementor-element-fee01f7 elementor-widget elementor-widget-text-editor\" data-id=\"fee01f7\" data-element_type=\"widget\" data-e-type=\"widget\" data-widget_type=\"text-editor.default\">\n\t\t\t\t<div class=\"elementor-widget-container\">\n\t\t\t\t\t\t\t\t\t<p>PARTNERS<\/p>\t\t\t\t\t\t\t\t<\/div>\n\t\t\t\t<\/div>\n\t\t\t\t<div class=\"elementor-element elementor-element-279b2ea elementor-widget elementor-widget-text-editor\" data-id=\"279b2ea\" data-element_type=\"widget\" data-e-type=\"widget\" data-widget_type=\"text-editor.default\">\n\t\t\t\t<div class=\"elementor-widget-container\">\n\t\t\t\t\t\t\t\t\t<p>International Hellenic University<br \/>LAB University of Applied Sciences (FI)<br \/>Public Institution for the Development of the Me\u0111imurje County REDEA (HR)<br \/>Regional Development Fund of Central Macedonia<br \/>Moravian-Silesian Innovation Centre Ostrava (CZ)<br \/>The Finnish Society of Crafts and Design (FI)<br \/>Wallonie Design (BE)<br \/>Regional Council of P\u00e4ij\u00e4t-H\u00e4me (FI)<br \/>Chamber of Commerce, Industry, Services and Navigation of Spain (ES)<br \/>Podkarpackie Innovation Centre (PL)<\/p>\t\t\t\t\t\t\t\t<\/div>\n\t\t\t\t<\/div>\n\t\t\t\t<div class=\"elementor-element elementor-element-c65a9bd elementor-align-left elementor-widget elementor-widget-button\" data-id=\"c65a9bd\" data-element_type=\"widget\" data-e-type=\"widget\" data-widget_type=\"button.default\">\n\t\t\t\t<div class=\"elementor-widget-container\">\n\t\t\t\t\t\t\t\t\t<div class=\"elementor-button-wrapper\">\n\t\t\t\t\t<a class=\"elementor-button elementor-button-link elementor-size-sm\" href=\"https:\/\/www.interregeurope.eu\/deco\" target=\"_blank\">\n\t\t\t\t\t\t<span class=\"elementor-button-content-wrapper\">\n\t\t\t\t\t\t\t\t\t<span class=\"elementor-button-text\">WEBSITE<\/span>\n\t\t\t\t\t<\/span>\n\t\t\t\t\t<\/a>\n\t\t\t\t<\/div>\n\t\t\t\t\t\t\t\t<\/div>\n\t\t\t\t<\/div>\n\t\t\t\t<div class=\"elementor-element elementor-element-a6960db elementor-widget elementor-widget-text-editor\" data-id=\"a6960db\" data-element_type=\"widget\" data-e-type=\"widget\" data-widget_type=\"text-editor.default\">\n\t\t\t\t<div class=\"elementor-widget-container\">\n\t\t\t\t\t\t\t\t\t<p>Interreg Europe<\/p>\t\t\t\t\t\t\t\t<\/div>\n\t\t\t\t<\/div>\n\t\t\t\t<div class=\"elementor-element elementor-element-02159e4 elementor-widget__width-initial elementor-widget elementor-widget-image\" data-id=\"02159e4\" data-element_type=\"widget\" data-e-type=\"widget\" data-widget_type=\"image.default\">\n\t\t\t\t<div class=\"elementor-widget-container\">\n\t\t\t\t\t\t\t\t\t\t\t\t\t\t\t<img decoding=\"async\" width=\"295\" height=\"61\" src=\"https:\/\/logistics.ihu.gr\/wp-content\/uploads\/2025\/02\/Picture2-22.png\" class=\"attachment-large size-large wp-image-17670\" alt=\"\" srcset=\"https:\/\/logistics.ihu.gr\/wp-content\/uploads\/2025\/02\/Picture2-22.png 295w, https:\/\/logistics.ihu.gr\/wp-content\/uploads\/2025\/02\/Picture2-22-18x4.png 18w\" sizes=\"(max-width: 295px) 100vw, 295px\" \/>\t\t\t\t\t\t\t\t\t\t\t\t\t\t\t<\/div>\n\t\t\t\t<\/div>\n\t\t\t\t<\/div>\n\t\t\t\t<\/div>\n\t\t\t\t<\/div>","protected":false},"excerpt":{"rendered":"<p>Design Collaboration for Sustainable Business 04.2024 \u2013 12.2028 \u03a3\u03c4\u03cc\u03c7\u03bf\u03c2 \u03c4\u03bf\u03c5 \u03ad\u03c1\u03b3\u03bf\u03c5 DeCo \u03b5\u03af\u03bd\u03b1\u03b9 \u03b7 \u03b2\u03b5\u03bb\u03c4\u03af\u03c9\u03c3\u03b7 &hellip; <\/p>","protected":false},"author":27,"featured_media":17721,"parent":0,"menu_order":0,"comment_status":"closed","ping_status":"closed","template":"","meta":{"_acf_changed":false,"footnotes":""},"class_list":["post-17665","page","type-page","status-publish","has-post-thumbnail","hentry"],"acf":[],"_links":{"self":[{"href":"https:\/\/logistics.ihu.gr\/en\/wp-json\/wp\/v2\/pages\/17665","targetHints":{"allow":["GET"]}}],"collection":[{"href":"https:\/\/logistics.ihu.gr\/en\/wp-json\/wp\/v2\/pages"}],"about":[{"href":"https:\/\/logistics.ihu.gr\/en\/wp-json\/wp\/v2\/types\/page"}],"author":[{"embeddable":true,"href":"https:\/\/logistics.ihu.gr\/en\/wp-json\/wp\/v2\/users\/27"}],"replies":[{"embeddable":true,"href":"https:\/\/logistics.ihu.gr\/en\/wp-json\/wp\/v2\/comments?post=17665"}],"version-history":[{"count":0,"href":"https:\/\/logistics.ihu.gr\/en\/wp-json\/wp\/v2\/pages\/17665\/revisions"}],"wp:featuredmedia":[{"embeddable":true,"href":"https:\/\/logistics.ihu.gr\/en\/wp-json\/wp\/v2\/media\/17721"}],"wp:attachment":[{"href":"https:\/\/logistics.ihu.gr\/en\/wp-json\/wp\/v2\/media?parent=17665"}],"curies":[{"name":"wp","href":"https:\/\/api.w.org\/{rel}","templated":true}]}}